{"id":1006,"date":"2021-03-15T15:14:10","date_gmt":"2021-03-15T14:14:10","guid":{"rendered":"https:\/\/frigerio.siap.cloud\/?page_id=1006"},"modified":"2026-04-20T17:36:46","modified_gmt":"2026-04-20T15:36:46","slug":"privacy-policy","status":"publish","type":"page","link":"https:\/\/blog.frigerioviaggi.com\/en\/privacy-policy\/","title":{"rendered":"Privacy Policy"},"content":{"rendered":"<div data-elementor-type=\"wp-page\" data-elementor-id=\"1006\" class=\"elementor elementor-1006\">\n\t\t\t\t\t\t<section class=\"elementor-section elementor-top-section elementor-element elementor-element-4ed76f93 elementor-section-boxed elementor-section-height-default elementor-section-height-default\" data-id=\"4ed76f93\" data-element_type=\"section\" data-e-type=\"section\">\n\t\t\t\t\t\t<div class=\"elementor-container elementor-column-gap-default\">\n\t\t\t\t\t<div class=\"elementor-column elementor-col-100 elementor-top-column elementor-element elementor-element-563ba1c6\" data-id=\"563ba1c6\" data-element_type=\"column\" data-e-type=\"column\">\n\t\t\t<div class=\"elementor-widget-wrap elementor-element-populated\">\n\t\t\t\t\t\t<div class=\"elementor-element elementor-element-f6d58de elementor-widget elementor-widget-wp-widget-bcn_widget\" data-id=\"f6d58de\" data-element_type=\"widget\" data-e-type=\"widget\" data-widget_type=\"wp-widget-bcn_widget.default\">\n\t\t\t\t<div class=\"elementor-widget-container\">\n\t\t\t\t\t<div class=\"breadcrumbs\" vocab=\"https:\/\/schema.org\/\" typeof=\"BreadcrumbList\"><span property=\"itemListElement\" typeof=\"ListItem\"><a property=\"item\" typeof=\"WebPage\" title=\"Vai a Blog Frigerio Viaggi.\" href=\"https:\/\/blog.frigerioviaggi.com\/en\" class=\"home\" aria-current=\"page\"><span property=\"name\">Home<\/span><\/a><meta property=\"position\" content=\"1\"><\/span><\/div>\t\t\t\t<\/div>\n\t\t\t\t<\/div>\n\t\t\t\t\t<\/div>\n\t\t<\/div>\n\t\t\t\t\t<\/div>\n\t\t<\/section>\n\t\t\t\t<section class=\"elementor-section elementor-top-section elementor-element elementor-element-6bebf41 elementor-section-boxed elementor-section-height-default elementor-section-height-default\" data-id=\"6bebf41\" data-element_type=\"section\" data-e-type=\"section\">\n\t\t\t\t\t\t<div class=\"elementor-container elementor-column-gap-default\">\n\t\t\t\t\t<div class=\"elementor-column elementor-col-100 elementor-top-column elementor-element elementor-element-683c22e\" data-id=\"683c22e\" data-element_type=\"column\" data-e-type=\"column\">\n\t\t\t<div class=\"elementor-widget-wrap elementor-element-populated\">\n\t\t\t\t\t\t<div class=\"elementor-element elementor-element-02b5a0f elementor-widget elementor-widget-spacer\" data-id=\"02b5a0f\" data-element_type=\"widget\" data-e-type=\"widget\" data-widget_type=\"spacer.default\">\n\t\t\t\t<div class=\"elementor-widget-container\">\n\t\t\t\t\t\t\t<div class=\"elementor-spacer\">\n\t\t\t<div class=\"elementor-spacer-inner\"><\/div>\n\t\t<\/div>\n\t\t\t\t\t\t<\/div>\n\t\t\t\t<\/div>\n\t\t\t\t\t<\/div>\n\t\t<\/div>\n\t\t\t\t\t<\/div>\n\t\t<\/section>\n\t\t\t\t<section class=\"elementor-section elementor-top-section elementor-element elementor-element-292db3a elementor-section-boxed elementor-section-height-default elementor-section-height-default\" data-id=\"292db3a\" data-element_type=\"section\" data-e-type=\"section\">\n\t\t\t\t\t\t<div class=\"elementor-container elementor-column-gap-default\">\n\t\t\t\t\t<div class=\"elementor-column elementor-col-100 elementor-top-column elementor-element elementor-element-a84d583\" data-id=\"a84d583\" data-element_type=\"column\" data-e-type=\"column\">\n\t\t\t<div class=\"elementor-widget-wrap elementor-element-populated\">\n\t\t\t\t\t\t<div class=\"elementor-element elementor-element-77a44ff elementor-widget elementor-widget-heading\" data-id=\"77a44ff\" data-element_type=\"widget\" data-e-type=\"widget\" data-widget_type=\"heading.default\">\n\t\t\t\t<div class=\"elementor-widget-container\">\n\t\t\t\t\t<h1 class=\"elementor-heading-title elementor-size-default\">Privacy Policy<\/h1>\t\t\t\t<\/div>\n\t\t\t\t<\/div>\n\t\t\t\t\t<\/div>\n\t\t<\/div>\n\t\t\t\t\t<\/div>\n\t\t<\/section>\n\t\t\t\t<section class=\"elementor-section elementor-top-section elementor-element elementor-element-7f898b8 elementor-section-boxed elementor-section-height-default elementor-section-height-default\" data-id=\"7f898b8\" data-element_type=\"section\" data-e-type=\"section\">\n\t\t\t\t\t\t<div class=\"elementor-container elementor-column-gap-default\">\n\t\t\t\t\t<div class=\"elementor-column elementor-col-100 elementor-top-column elementor-element elementor-element-023176d\" data-id=\"023176d\" data-element_type=\"column\" data-e-type=\"column\">\n\t\t\t<div class=\"elementor-widget-wrap elementor-element-populated\">\n\t\t\t\t\t\t<div class=\"elementor-element elementor-element-e2badff elementor-widget elementor-widget-heading\" data-id=\"e2badff\" data-element_type=\"widget\" data-e-type=\"widget\" data-widget_type=\"heading.default\">\n\t\t\t\t<div class=\"elementor-widget-container\">\n\t\t\t\t\t<h2 class=\"elementor-heading-title elementor-size-default\">INFORMATIVA SUL TRATTAMENTO DEI DATI PERSONALI AI SENSI DEGLI ARTICOLI 13-14 DEL REGOLAMENTO (UE) 2016\/679\n<\/h2>\t\t\t\t<\/div>\n\t\t\t\t<\/div>\n\t\t\t\t<div class=\"elementor-element elementor-element-a3dadb4 elementor-widget elementor-widget-text-editor\" data-id=\"a3dadb4\" data-element_type=\"widget\" data-e-type=\"widget\" data-widget_type=\"text-editor.default\">\n\t\t\t\t<div class=\"elementor-widget-container\">\n\t\t\t\t\t\t\t\t\t<p>Con il presente documento (\u201cInformativa\u201d) resa ai sensi del Regolamento (UE) 2016\/679 (di seguito \u201cGDPR\u201d) e della vigente normativa in materia di protezione dei Dati Personali<strong>, Frigerio Viaggi S.r.l., <\/strong>(\u201cFrigerio Viaggi\u201d o \u201cTitolare del trattamento\u201d) desidera informare i visitatori (\u201cInteressati\u201d o \u201cInteressato\u201d) del presente sito web (\u201cSito\u201d) rispetto alle finalit\u00e0 e modalit\u00e0 del trattamento dei Dati Personali (\u201cDati Personali\u201d) raccolti attraverso le diverse funzionalit\u00e0 e servizi disponibili sul Sito.<\/p><p><strong>\ud83d\udc64<\/strong><strong> Titolare del trattamento\u00a0\u00a0\u00a0\u00a0\u00a0\u00a0\u00a0\u00a0\u00a0\u00a0\u00a0\u00a0\u00a0\u00a0\u00a0\u00a0\u00a0\u00a0\u00a0\u00a0\u00a0\u00a0\u00a0\u00a0\u00a0\u00a0\u00a0\u00a0\u00a0\u00a0\u00a0\u00a0\u00a0\u00a0\u00a0\u00a0\u00a0\u00a0\u00a0\u00a0\u00a0\u00a0\u00a0\u00a0\u00a0\u00a0\u00a0\u00a0\u00a0\u00a0\u00a0\u00a0\u00a0\u00a0\u00a0\u00a0\u00a0\u00a0\u00a0\u00a0\u00a0\u00a0\u00a0 <\/strong><\/p><p><strong>Frigerio Viaggi S.r.l.<\/strong>, P.IVA <strong>00851420968, C.F. <\/strong><strong>\u00a0<\/strong><strong>07215280152<\/strong><\/p><p><strong>Frigerio Viaggi <\/strong>ha nominato un Data Protection Officer, reperibile al seguente indirizzo e-mail: dpo@frigerioviaggi.com<\/p><p><strong>\ud83c\udfaf<\/strong><strong> Finalit\u00e0, base giuridica del trattamento e tempo di conservazione dei Dati Personali<\/strong><\/p><p><strong><u>a) Navigazione e sicurezza del Sito<\/u><\/strong>: raccolta di dati di connessione e log (es. indirizzo IP, user-agent, pagine visitate) per garantire il funzionamento sicuro del Sito, prevenire abusi e supportare analisi diagnostiche.<\/p><p><strong>Base giuridica<\/strong>: legittimo interesse del Titolare (art. 6, par. 1, lett. f) GDPR).\u00a0\u00a0\u00a0\u00a0\u00a0\u00a0 <br \/><strong>Conservazione<\/strong>: fino al termine necessario per garantire la sicurezza e le analisi diagnostiche. Per maggiori informazioni sui tempi di conservazione e sull\u2019utilizzo dei cookie, si invita a consultare la Cookie Policy del sito.<\/p><p><strong><u>b) Analytics e statistiche<\/u><\/strong>: Il Titolare tratta Dati Personali, in forma aggregata o pseudonimizzata, al fine di effettuare analisi statistiche sull\u2019utilizzo del Sito, monitorarne il corretto funzionamento, valutare le prestazioni delle pagine e migliorare la qualit\u00e0 dei servizi offerti, nonch\u00e9 l\u2019esperienza di navigazione degli utenti. Tali trattamenti possono essere effettuati mediante l\u2019utilizzo di cookie tecnici di analisi o strumenti di analytics, anche forniti da terze parti. Maggiori informazioni sulle caratteristiche dei cookie utilizzati, sulle relative funzionalit\u00e0, nonch\u00e9 sulle modalit\u00e0 per gestire o revocare le preferenze espresse, sono disponibili nella <strong><em>Cookie Policy<\/em><\/strong><strong>,<\/strong> consultabile sul Sito. <br \/><strong>Base giuridica<\/strong>: legittimo interesse del Titolare (art. 6, par. 1, lett. f) GDPR) o consenso dell\u2019Interessato quando richiesto per cookie di terze parti (art. 6, par. 1, lett. a) GDPR). <br \/><strong>Conservazione<\/strong>: Per maggiori informazioni consultare la <em>Cookie Policy.<\/em><\/p><p><strong><u>c) Cookie di marketing<\/u><\/strong><u>:<\/u> Il Titolare tratta Dati Personali al fine di inviare comunicazioni commerciali personalizzate e proporre contenuti pubblicitari in linea con gli interessi e le preferenze dell&#8217;utente, sulla base delle sue abitudini di navigazione e delle interazioni effettuate sul Sito. Tali trattamenti possono essere effettuati mediante l&#8217;utilizzo di cookie di marketing di prima o di terza parte, pixel di tracciamento, tag e tecnologie analoghe, anche forniti da soggetti terzi quali piattaforme pubblicitarie e social network. Maggiori informazioni sulle caratteristiche dei cookie utilizzati, sulle relative funzionalit\u00e0, nonch\u00e9 sulle modalit\u00e0 per gestire o revocare le preferenze espresse, sono disponibili nella <em>Cookie Policy<\/em>, consultabile sul Sito.<\/p><p><strong>Base giuridica<\/strong>: consenso dell&#8217;Interessato (art. 6, par. 1, lett. a) GDPR). Il consenso \u00e8 acquisito tramite il banner cookie presentato al primo accesso al Sito ed \u00e8 liberamente revocabile in qualsiasi momento, senza pregiudicare la liceit\u00e0 del trattamento effettuato prima della revoca.<\/p><p><strong>Conservazione<\/strong>: Per maggiori informazioni consultare la <em>Cookie Policy<\/em>.<\/p><p><strong><u>d) Tutela di diritti e adempimenti legali<\/u><\/strong>: trattamento di Dati Personali per adempiere obblighi di legge, difesa in sede giudiziaria o rispondere a richieste di autorit\u00e0 pubbliche. <br \/><strong>Base giuridica<\/strong>: adempimento di obbligo legale (art. 6, par. 1, lett. c) GDPR) e\/o legittimo interesse del Titolare (art. 6, par. 1, lett. f) GDPR). <br \/><strong>Conservazione<\/strong>: fino al termine prescrizionale applicabile.<\/p><p><strong>\ud83d\udcc1<\/strong><strong> Tipi di Dati Personali <\/strong><\/p><p>A seconda della finalit\u00e0, i Dati Personali trattati sono i seguenti:<\/p><p><strong>Dati di navigazione:<\/strong> (es. indirizzo IP, dati relativi alla connessione, ai dispositivi utilizzati e alle modalit\u00e0 di navigazione del Sito, trattati al fine di garantirne il corretto funzionamento, la sicurezza e per finalit\u00e0 statistiche)<\/p><p><strong>Dati raccolti tramite cookie e tecnologie simili:<\/strong> informazioni relative alla navigazione e alle preferenze dell\u2019utente, come meglio specificato nella <strong>Cookie Policy<\/strong>, cui si rinvia per il dettaglio delle categorie di cookie utilizzate e dei relativi tempi di conservazione.<\/p><p><strong>\ud83d\udc65<\/strong><strong> Categorie di Interessati<\/strong><\/p><p>Le attivit\u00e0 di trattamento sono rivolte alle seguenti categorie di Interessati:<\/p><ul><li>Interessati che navigano sul Sito<\/li><\/ul><p><strong>\u00a0<\/strong><\/p><p><strong>\u2699\ufe0f<\/strong><strong> Modalit\u00e0 di trattamento dei Dati Personali <\/strong><\/p><p>Il trattamento dei Dati Personali avviene con modalit\u00e0 elettroniche, adottando misure di sicurezza tecniche e organizzative idonee a garantire la protezione dei Dati Personali e a prevenire accessi non autorizzati.<\/p><p><strong>\ud83d\udde3\ufe0f<\/strong><strong> Destinatari del trattamento<\/strong><\/p><p>I Dati Personali possono essere condivisi con le seguenti categorie di soggetti:<\/p><p>a) personale di Frigerio Viaggi autorizzato e debitamente istruito, anche rispetto alle misure di sicurezza e agli obblighi di riservatezza;<\/p><p>b) consulenti esterni di cui Frigerio Viaggi si avvale per l&#8217;esecuzione dei servizi offerti sul Sito, come consulenti IT, legali, fiscali, ecc.<\/p><p>c) fornitori di servizi di cui Frigerio Viaggi si avvale a vario titolo e debitamente nominati responsabili del trattamento;<\/p><p>d) eventuali Societ\u00e0 del Gruppo Frigerio Viaggi coinvolte nei servizi;<\/p><p>e) autorit\u00e0 competenti o altre entit\u00e0 previste dalla legge.<\/p><p><strong>\ud83c\udf0d<\/strong><strong> Trasferimento dei Dati Personali extra UE<\/strong><\/p><p>Alcuni fornitori di servizi utilizzati dal Sito possono comportare il trasferimento dei dati verso Paesi terzi, tra cui gli Stati Uniti. Tali trasferimenti avvengono nel rispetto degli artt. 44 e ss. GDPR, mediante:<\/p><ul><li>Clausole Contrattuali Standard approvate dalla Commissione Europea;<\/li><li>Data Privacy Framework UE\u2013USA per fornitori aderenti (es. Google LLC), sulla base della Decisione di adeguatezza della Commissione Europea del 10 luglio 2023;<\/li><li>Altre garanzie adeguate secondo la normativa vigente.<\/li><\/ul><p>Per ulteriori informazioni sulle garanzie adottate, \u00e8 possibile contattare il Titolare del trattamento scrivendo a: dpo@frigerioviaggi.com<\/p><p>\ud83c\udf6a <strong>Cookie e tecnologie di tracciamento\u00a0\u00a0 <\/strong><br \/>Il Sito potrebbe utilizzare cookie tecnici, analitici e di marketing, anche di terze parti, inclusi strumenti per analytics e servizi di protezione.<\/p><p>L\u2019installazione di cookie non tecnici avviene solo previo consenso esplicito dell\u2019Interessato, gestito tramite banner e preferenze indicate.<\/p><ul><li>Cookie e tecnologie simili possono essere utilizzati anche per personalizzare contenuti e misurare l\u2019efficacia dei servizi offerti dal Sito, senza mai compromettere la sicurezza dei Dati Personali.<\/li><\/ul><p>Per maggiori informazioni sulle tipologie di cookie, le finalit\u00e0 e la gestione delle preferenze, consultare la Cookie Policy disponibile sul Sito.<\/p><p><strong>\ud83d\udcdd<\/strong><strong> Diritti dell&#8217;interessato<\/strong><\/p><p>In relazione ai trattamenti descritti nella presente Informativa, l\u2019Interessato pu\u00f2 esercitare i diritti sanciti dagli articoli da 15 a 22 del GDPR, e in particolare i seguenti diritti:<\/p><ul><li><strong>Diritto di accesso<\/strong> (art. 15 GDPR): diritto di ottenere conferma che sia o meno in corso un trattamento di Dati Personali che riguardano l\u2019Interessato e, in tal caso, ottenere l&#8217;accesso ai Dati Personali.<\/li><li><strong>Diritto di rettifica<\/strong> (art. 16 GDPR): diritto di ottenere senza ingiustificato ritardo la rettifica dei Dati Personali inesatti che riguardano l\u2019Interessato e\/o l\u2019integrazione dei dati incompleti.<\/li><li><strong>Diritto alla cancellazione<\/strong> (diritto all\u2019oblio) (art. 17 GDPR): diritto di ottenere la cancellazione dei Dati Personali che riguardano l\u2019Interessato, salvo che il trattamento sia necessario per adempiere ad un obbligo legale.<\/li><li><strong>Diritto di limitazione del trattamento<\/strong> (art. 18 GDPR): diritto di ottenere la limitazione del trattamento in caso di inesattezza dei dati o per altre motivazioni legittime.<\/li><li><strong>Diritto alla portabilit\u00e0 dei dati<\/strong> (art. 20 GDPR): diritto di ricevere i Dati Personali in un formato strutturato e leggibile da dispositivo automatico.<\/li><li><strong>Diritto di opposizione<\/strong> (art. 21 GDPR): diritto di opporsi, in qualsiasi momento, al trattamento dei Dati Personali per motivi legittimi.<\/li><li><strong>Diritto a non essere sottoposto a decisioni automatizzate<\/strong> (art. 22 GDPR), inclusa la profilazione.<\/li><li><strong>Diritto di proporre reclamo<\/strong> all&#8217;Autorit\u00e0 Garante per la Protezione dei Dati Personali (<a href=\"http:\/\/www.garanteprivacy.it\">www.garanteprivacy.it<\/a>).<\/li><\/ul><p>Per esercitare tali diritti, \u00e8 possibile contattare il Titolare del trattamento ai seguenti recapiti: dpo@frigerioviaggi.com<\/p><p>\ud83d\udcc5 <strong>Aggiornamenti della presente Informativa<\/strong><br \/>La presente informativa pu\u00f2 essere soggetta ad aggiornamenti. La versione pubblicata indica la data dell\u2019ultimo aggiornamento: 02 aprile 2026. Si invita a consultarla periodicamente.<br \/><br \/><br \/><\/p>\t\t\t\t\t\t\t\t<\/div>\n\t\t\t\t<\/div>\n\t\t\t\t\t<\/div>\n\t\t<\/div>\n\t\t\t\t\t<\/div>\n\t\t<\/section>\n\t\t\t\t<\/div>","protected":false},"excerpt":{"rendered":"<p>Privacy Policy INFORMATIVA SUL TRATTAMENTO DEI DATI PERSONALI AI SENSI DEGLI ARTICOLI 13-14 DEL REGOLAMENTO (UE) 2016\/679 Con il presente documento (\u201cInformativa\u201d) resa ai sensi del Regolamento (UE) 2016\/679 (di seguito \u201cGDPR\u201d) e della vigente normativa in materia di protezione dei Dati Personali, Frigerio Viaggi S.r.l., (\u201cFrigerio Viaggi\u201d o \u201cTitolare del trattamento\u201d) desidera informare i&hellip;&nbsp;<a href=\"https:\/\/blog.frigerioviaggi.com\/en\/privacy-policy\/\" rel=\"bookmark\">Read More &raquo;<span class=\"screen-reader-text\">Privacy Policy<\/span><\/a><\/p>","protected":false},"author":1,"featured_media":0,"parent":0,"menu_order":0,"comment_status":"closed","ping_status":"closed","template":"elementor_header_footer","meta":{"_monsterinsights_skip_tracking":false,"_monsterinsights_sitenote_active":false,"_monsterinsights_sitenote_note":"","_monsterinsights_sitenote_category":0,"neve_meta_sidebar":"","neve_meta_container":"","neve_meta_enable_content_width":"on","neve_meta_content_width":100,"neve_meta_title_alignment":"","neve_meta_author_avatar":"","neve_post_elements_order":"","neve_meta_disable_header":"","neve_meta_disable_footer":"","neve_meta_disable_title":"on","neve_meta_reading_time":"","footnotes":""},"class_list":["post-1006","page","type-page","status-publish","hentry"],"yoast_head":"<!-- This site is optimized with the Yoast SEO plugin v27.4 - https:\/\/yoast.com\/product\/yoast-seo-wordpress\/ -->\n<title>Privacy Policy - Blog Frigerio Viaggi<\/title>\n<meta name=\"robots\" content=\"index, follow, max-snippet:-1, max-image-preview:large, max-video-preview:-1\" \/>\n<link rel=\"canonical\" href=\"https:\/\/blog.frigerioviaggi.com\/en\/privacy-policy\/\" \/>\n<meta property=\"og:locale\" content=\"en_GB\" \/>\n<meta property=\"og:type\" content=\"article\" \/>\n<meta property=\"og:title\" content=\"Privacy Policy - Blog Frigerio Viaggi\" \/>\n<meta property=\"og:description\" content=\"Privacy Policy INFORMATIVA SUL TRATTAMENTO DEI DATI PERSONALI AI SENSI DEGLI ARTICOLI 13-14 DEL REGOLAMENTO (UE) 2016\/679 Con il presente documento (\u201cInformativa\u201d) resa ai sensi del Regolamento (UE) 2016\/679 (di seguito \u201cGDPR\u201d) e della vigente normativa in materia di protezione dei Dati Personali, Frigerio Viaggi S.r.l., (\u201cFrigerio Viaggi\u201d o \u201cTitolare del trattamento\u201d) desidera informare i&hellip;&nbsp;Read More &raquo;Privacy Policy\" \/>\n<meta property=\"og:url\" content=\"https:\/\/blog.frigerioviaggi.com\/en\/privacy-policy\/\" \/>\n<meta property=\"og:site_name\" content=\"Blog Frigerio Viaggi\" \/>\n<meta property=\"article:publisher\" content=\"https:\/\/www.facebook.com\/frigerioviagginetwork\" \/>\n<meta property=\"article:modified_time\" content=\"2026-04-20T15:36:46+00:00\" \/>\n<meta name=\"twitter:card\" content=\"summary_large_image\" \/>\n<meta name=\"twitter:label1\" content=\"Estimated reading time\" \/>\n\t<meta name=\"twitter:data1\" content=\"9 minutes\" \/>\n<script type=\"application\/ld+json\" class=\"yoast-schema-graph\">{\"@context\":\"https:\\\/\\\/schema.org\",\"@graph\":[{\"@type\":\"WebPage\",\"@id\":\"https:\\\/\\\/blog.frigerioviaggi.com\\\/privacy-policy\\\/\",\"url\":\"https:\\\/\\\/blog.frigerioviaggi.com\\\/privacy-policy\\\/\",\"name\":\"Privacy Policy - Blog Frigerio Viaggi\",\"isPartOf\":{\"@id\":\"https:\\\/\\\/blog.frigerioviaggi.com\\\/en\\\/#website\"},\"datePublished\":\"2021-03-15T14:14:10+00:00\",\"dateModified\":\"2026-04-20T15:36:46+00:00\",\"breadcrumb\":{\"@id\":\"https:\\\/\\\/blog.frigerioviaggi.com\\\/privacy-policy\\\/#breadcrumb\"},\"inLanguage\":\"en-GB\",\"potentialAction\":[{\"@type\":\"ReadAction\",\"target\":[\"https:\\\/\\\/blog.frigerioviaggi.com\\\/privacy-policy\\\/\"]}]},{\"@type\":\"BreadcrumbList\",\"@id\":\"https:\\\/\\\/blog.frigerioviaggi.com\\\/privacy-policy\\\/#breadcrumb\",\"itemListElement\":[{\"@type\":\"ListItem\",\"position\":1,\"name\":\"Home\",\"item\":\"https:\\\/\\\/blog.frigerioviaggi.com\\\/en\\\/\"},{\"@type\":\"ListItem\",\"position\":2,\"name\":\"Privacy Policy\"}]},{\"@type\":\"WebSite\",\"@id\":\"https:\\\/\\\/blog.frigerioviaggi.com\\\/en\\\/#website\",\"url\":\"https:\\\/\\\/blog.frigerioviaggi.com\\\/en\\\/\",\"name\":\"Blog Frigerio Viaggi\",\"description\":\"Blog Frigerio Viaggi\",\"publisher\":{\"@id\":\"https:\\\/\\\/blog.frigerioviaggi.com\\\/en\\\/#organization\"},\"potentialAction\":[{\"@type\":\"SearchAction\",\"target\":{\"@type\":\"EntryPoint\",\"urlTemplate\":\"https:\\\/\\\/blog.frigerioviaggi.com\\\/en\\\/?s={search_term_string}\"},\"query-input\":{\"@type\":\"PropertyValueSpecification\",\"valueRequired\":true,\"valueName\":\"search_term_string\"}}],\"inLanguage\":\"en-GB\"},{\"@type\":\"Organization\",\"@id\":\"https:\\\/\\\/blog.frigerioviaggi.com\\\/en\\\/#organization\",\"name\":\"Frigerio Viaggi\",\"url\":\"https:\\\/\\\/blog.frigerioviaggi.com\\\/en\\\/\",\"logo\":{\"@type\":\"ImageObject\",\"inLanguage\":\"en-GB\",\"@id\":\"https:\\\/\\\/blog.frigerioviaggi.com\\\/en\\\/#\\\/schema\\\/logo\\\/image\\\/\",\"url\":\"https:\\\/\\\/www.frigerioviaggi.com\\\/wp-content\\\/uploads\\\/2021\\\/04\\\/logo-1.jpg\",\"contentUrl\":\"https:\\\/\\\/www.frigerioviaggi.com\\\/wp-content\\\/uploads\\\/2021\\\/04\\\/logo-1.jpg\",\"width\":300,\"height\":300,\"caption\":\"Frigerio Viaggi\"},\"image\":{\"@id\":\"https:\\\/\\\/blog.frigerioviaggi.com\\\/en\\\/#\\\/schema\\\/logo\\\/image\\\/\"},\"sameAs\":[\"https:\\\/\\\/www.facebook.com\\\/frigerioviagginetwork\",\"https:\\\/\\\/www.instagram.com\\\/frigerioviagginetwork\\\/\",\"https:\\\/\\\/www.linkedin.com\\\/company\\\/frigerio-viaggi-network\\\/mycompany\",\"https:\\\/\\\/www.youtube.com\\\/user\\\/frigerioviaggi\"]}]}<\/script>\n<!-- \/ Yoast SEO plugin. -->","yoast_head_json":{"title":"Privacy Policy - Blog Frigerio Viaggi","robots":{"index":"index","follow":"follow","max-snippet":"max-snippet:-1","max-image-preview":"max-image-preview:large","max-video-preview":"max-video-preview:-1"},"canonical":"https:\/\/blog.frigerioviaggi.com\/en\/privacy-policy\/","og_locale":"en_GB","og_type":"article","og_title":"Privacy Policy - Blog Frigerio Viaggi","og_description":"Privacy Policy INFORMATIVA SUL TRATTAMENTO DEI DATI PERSONALI AI SENSI DEGLI ARTICOLI 13-14 DEL REGOLAMENTO (UE) 2016\/679 Con il presente documento (\u201cInformativa\u201d) resa ai sensi del Regolamento (UE) 2016\/679 (di seguito \u201cGDPR\u201d) e della vigente normativa in materia di protezione dei Dati Personali, Frigerio Viaggi S.r.l., (\u201cFrigerio Viaggi\u201d o \u201cTitolare del trattamento\u201d) desidera informare i&hellip;&nbsp;Read More &raquo;Privacy Policy","og_url":"https:\/\/blog.frigerioviaggi.com\/en\/privacy-policy\/","og_site_name":"Blog Frigerio Viaggi","article_publisher":"https:\/\/www.facebook.com\/frigerioviagginetwork","article_modified_time":"2026-04-20T15:36:46+00:00","twitter_card":"summary_large_image","twitter_misc":{"Estimated reading time":"9 minutes"},"schema":{"@context":"https:\/\/schema.org","@graph":[{"@type":"WebPage","@id":"https:\/\/blog.frigerioviaggi.com\/privacy-policy\/","url":"https:\/\/blog.frigerioviaggi.com\/privacy-policy\/","name":"Privacy Policy - Blog Frigerio Viaggi","isPartOf":{"@id":"https:\/\/blog.frigerioviaggi.com\/en\/#website"},"datePublished":"2021-03-15T14:14:10+00:00","dateModified":"2026-04-20T15:36:46+00:00","breadcrumb":{"@id":"https:\/\/blog.frigerioviaggi.com\/privacy-policy\/#breadcrumb"},"inLanguage":"en-GB","potentialAction":[{"@type":"ReadAction","target":["https:\/\/blog.frigerioviaggi.com\/privacy-policy\/"]}]},{"@type":"BreadcrumbList","@id":"https:\/\/blog.frigerioviaggi.com\/privacy-policy\/#breadcrumb","itemListElement":[{"@type":"ListItem","position":1,"name":"Home","item":"https:\/\/blog.frigerioviaggi.com\/en\/"},{"@type":"ListItem","position":2,"name":"Privacy Policy"}]},{"@type":"WebSite","@id":"https:\/\/blog.frigerioviaggi.com\/en\/#website","url":"https:\/\/blog.frigerioviaggi.com\/en\/","name":"Blog Frigerio Viaggi","description":"Blog Frigerio Viaggi","publisher":{"@id":"https:\/\/blog.frigerioviaggi.com\/en\/#organization"},"potentialAction":[{"@type":"SearchAction","target":{"@type":"EntryPoint","urlTemplate":"https:\/\/blog.frigerioviaggi.com\/en\/?s={search_term_string}"},"query-input":{"@type":"PropertyValueSpecification","valueRequired":true,"valueName":"search_term_string"}}],"inLanguage":"en-GB"},{"@type":"Organization","@id":"https:\/\/blog.frigerioviaggi.com\/en\/#organization","name":"Frigerio Viaggi","url":"https:\/\/blog.frigerioviaggi.com\/en\/","logo":{"@type":"ImageObject","inLanguage":"en-GB","@id":"https:\/\/blog.frigerioviaggi.com\/en\/#\/schema\/logo\/image\/","url":"https:\/\/www.frigerioviaggi.com\/wp-content\/uploads\/2021\/04\/logo-1.jpg","contentUrl":"https:\/\/www.frigerioviaggi.com\/wp-content\/uploads\/2021\/04\/logo-1.jpg","width":300,"height":300,"caption":"Frigerio Viaggi"},"image":{"@id":"https:\/\/blog.frigerioviaggi.com\/en\/#\/schema\/logo\/image\/"},"sameAs":["https:\/\/www.facebook.com\/frigerioviagginetwork","https:\/\/www.instagram.com\/frigerioviagginetwork\/","https:\/\/www.linkedin.com\/company\/frigerio-viaggi-network\/mycompany","https:\/\/www.youtube.com\/user\/frigerioviaggi"]}]}},"_links":{"self":[{"href":"https:\/\/blog.frigerioviaggi.com\/en\/wp-json\/wp\/v2\/pages\/1006","targetHints":{"allow":["GET"]}}],"collection":[{"href":"https:\/\/blog.frigerioviaggi.com\/en\/wp-json\/wp\/v2\/pages"}],"about":[{"href":"https:\/\/blog.frigerioviaggi.com\/en\/wp-json\/wp\/v2\/types\/page"}],"author":[{"embeddable":true,"href":"https:\/\/blog.frigerioviaggi.com\/en\/wp-json\/wp\/v2\/users\/1"}],"replies":[{"embeddable":true,"href":"https:\/\/blog.frigerioviaggi.com\/en\/wp-json\/wp\/v2\/comments?post=1006"}],"version-history":[{"count":6,"href":"https:\/\/blog.frigerioviaggi.com\/en\/wp-json\/wp\/v2\/pages\/1006\/revisions"}],"predecessor-version":[{"id":23011,"href":"https:\/\/blog.frigerioviaggi.com\/en\/wp-json\/wp\/v2\/pages\/1006\/revisions\/23011"}],"wp:attachment":[{"href":"https:\/\/blog.frigerioviaggi.com\/en\/wp-json\/wp\/v2\/media?parent=1006"}],"curies":[{"name":"wp","href":"https:\/\/api.w.org\/{rel}","templated":true}]}}